{"id":82,"date":"2018-10-02T00:26:23","date_gmt":"2018-10-01T22:26:23","guid":{"rendered":"http:\/\/luftartistin.de\/en\/?page_id=82"},"modified":"2018-10-30T21:10:26","modified_gmt":"2018-10-30T20:10:26","slug":"frau-vladusch-trapeztanztheater","status":"publish","type":"page","link":"https:\/\/luftartistin.de\/en\/air-artist\/frau-vladusch-trapeztanztheater\/","title":{"rendered":"Frau Vladusch &#8211; TrapezTanzTheater"},"content":{"rendered":"<div id=\"pl-82\"  class=\"panel-layout\" ><div id=\"pg-82-0\"  class=\"panel-grid panel-no-style\" ><div id=\"pgc-82-0-0\"  class=\"panel-grid-cell\" ><div id=\"panel-82-0-0-0\" class=\"so-panel widget widget_sow-editor panel-first-child panel-last-child\" data-index=\"0\" ><div class=\"so-widget-sow-editor so-widget-sow-editor-base\"><h3 class=\"widget-title\">Summary - Information about the piece<\/h3>\n<div class=\"siteorigin-widget-tinymce textwidget\">\n\t<div id=\"attachment_2856\" style=\"width: 310px\" class=\"wp-caption alignright\"><a href=\"http:\/\/luftartistin.de\/wp-content\/uploads\/2017\/01\/DSC_0033-2.jpeg\"><img aria-describedby=\"caption-attachment-2856\" loading=\"lazy\" class=\"wp-image-2856\" src=\"http:\/\/luftartistin.de\/wp-content\/uploads\/2017\/01\/DSC_0033-2-200x300.jpeg\" alt=\"DSC_0033 (2)\" width=\"300\" height=\"450\" \/><\/a><p id=\"caption-attachment-2856\" class=\"wp-caption-text\">Frau Vladusch, Foto: Stadt M\u00f6lln<\/p><\/div>\n<p>With everyday pictures and great love for small details, Jana Korb tells a very personal story. Grotesquely detached daily movements are used as dance elements on the ground and in the air on the trapeze. Circus tricks flow to create a body language that makes her pain visible \u2013 and yet forces us to smile.<\/p>\n<p>Thus a story evolves about the beauty of everyday movements, about flying dreams, and about the memories of an old woman.<\/p>\n<h3>Versions<\/h3>\n<p><strong>Solo - Aerial Theater on three trapezes<\/strong> (35min.), without words<br \/>\nFor theaters or open air on aerial rig<\/p>\n<p>&gt;&gt;\u00a0Technical\u00a0conditions<br \/>\n&gt;&gt; Summary and technical rider - PDF Download<br \/>\n<a href=\"http:\/\/www.trapeztanztheater.de\" target=\"_blank\">&gt;&gt;\u00a0further infos\u00a0at www.trapeztanztheater.de<\/a><\/p>\n<\/div>\n<\/div><\/div><\/div><\/div><div id=\"pg-82-1\"  class=\"panel-grid panel-no-style\" ><div id=\"pgc-82-1-0\"  class=\"panel-grid-cell\" ><div id=\"panel-82-1-0-0\" class=\"so-panel widget widget_sow-video panel-first-child panel-last-child\" data-index=\"1\" ><div class=\"so-widget-sow-video so-widget-sow-video-base\">\n<div class=\"sow-video-wrapper\">\n\t\t<iframe title=\"Jana Korb - Aerialiste presents: Frau Vladusch - TrapezTanzTheater\" width=\"750\" height=\"563\" src=\"https:\/\/www.youtube.com\/embed\/KCRMwUQURhY?feature=oembed&rel=0\" frameborder=\"0\" allow=\"accelerometer; autoplay; clipboard-write; encrypted-media; gyroscope; picture-in-picture; web-share\" referrerpolicy=\"strict-origin-when-cross-origin\" allowfullscreen><\/iframe>\t<\/div>\n<\/div><\/div><\/div><\/div><div id=\"pg-82-2\"  class=\"panel-grid panel-no-style\" ><div id=\"pgc-82-2-0\"  class=\"panel-grid-cell\" ><div id=\"panel-82-2-0-0\" class=\"so-panel widget widget_sow-editor panel-first-child panel-last-child\" data-index=\"2\" ><div class=\"so-widget-sow-editor so-widget-sow-editor-base\"><h3 class=\"widget-title\">A lonely woman?<\/h3>\n<div class=\"siteorigin-widget-tinymce textwidget\">\n\t<p>Memories and Dreams of a Better Life.<br \/>\nLoneliness.<br \/>\nRituals of everyday life.<br \/>\nSleeping.<br \/>\nOblivion.<br \/>\nRemembering.<\/p>\n<p>Memories.<br \/>\nControl.<br \/>\nOutburst.<br \/>\nRemembering.<br \/>\nChange\u2026<\/p>\n<p>Frau Vladusch is living alone in her kitchen, with a strictly organized daily routine and many little rituals. Everything is subjected to her rigid order. Her meticulous reiterations, restraint, and self control result of her fear of memories and her past: transgressions of her personal boundaries, experiences of violence, pain.<\/p>\n<p>So she painstakingly keeps developing more and more methods to forget and suppress - thus prefering the emptiness of her daily life to reflection\u00a0and change of herself:<br \/>\nNicely she packs away her memories,\u00a0hides them high up in the attic of her past. Only thus she feels safe,\u00a0 suppressing her feelings. But, by this routine she starts enjoying her self control, starts feeling it, yearning for it - well, loosing it, loosing control. At first in her dreams, then in dreamy daylight visions - her memories come creeping back, and open the field for new hope.<\/p>\n<p>Slowly, Frau Vladusch starts to change.<\/p>\n<p>Grenzen transzendieren<\/p>\n<p>Eine alte Frau, die in sich und ihrem K\u00f6rper gefangen und gebrechlich ist, erlebt Momente, in denen sie \u00fcber sich hinausw\u00e4chst. Auch erinnert sie sich manchmal an fr\u00fchere scheinbar grenzenlose M\u00f6glichkeiten.<br \/>\nWas sind das f\u00fcr Momente? Warum ist sie gefangen? Wovor hat sie Angst?<br \/>\nDenn zun\u00e4chst einmal scheint es, dass sie alles daran setzt, nicht ihre Kontrolle zu verlieren. Ihre Grenzen hat sie m\u00fchsam um sich errichtet, niemand darf und kann diese Mauern einrei\u00dfen. Doch unvermeidlich scheint der Zusammenbruch. Und was dann?<\/p>\n<p class=\"widget-title\">K\u00fcnstlerische Grundlage f\u00fcr unsere Geschichten ist der Druck-Zyklus \"Projekte f\u00fcr einen einsamen Menschen\" (\u041f\u0440\u043e\u0435\u043a\u0442\u044b \u0434\u043b\u044f \u043e\u0434\u0438\u043d\u043e\u043a\u043e\u0433\u043e \u0447\u0435\u043b\u043e\u0432\u0435\u043a\u0430, Serie, 1975) von Viktor Pivovarov von der K\u00fcnstlergruppe \"Moskauer Romantischer Konzeptionalismus\". Darin zeichnet er auf n\u00fcchtern strenge Weise ein exemplarisches Bild vom Leben eines einsamen Menschen, komplett mit Biographie, Tagesablauf, Tr\u00e4umen, Wohnung usw. Dieses bis zur Absurdit\u00e4t gesteigerte Bild der Hoffnungslosigkeit nehmen wir als Ausgangspunkt f\u00fcr unsere szenische Arbeit und versuchen noch weiter zu gehen als Pivovarov: wir suchen nach dem Grund f\u00fcr diese Einsamkeit.<\/p>\n<p class=\"widget-title\">Dabei geht es uns nicht darum, in dieser Hoffnungslosigkeit stecken zu bleiben - in der die sowjetische Gesellschaft der 70er Jahre sich zu befinden schien - , sondern vielmehr unseren Blick in die L\u00e4nder der Transformation in einer globalisierten Welt zu richten, insbesondere die ostdeutsche Nach-Wende- und die tschechische nach-revolution\u00e4re Gesellschaft.<\/p>\n<p class=\"widget-title\">Wie gestaltet sich der Lebensalltag einer alten Frau, die selbst im real existierenden Sozialismus bereits alt war? Was wird aus den allt\u00e4glichen Alltagsabl\u00e4ufen durch ihre streng geregelte unendliche Wiederholung? Was sind ihre Lebenserinnerungen? What makes her tick? Was sind ihre Ticks?<br \/>\nDarin ersp\u00fcren wir allt\u00e4gliche Absurdit\u00e4t, clownesque Details, die die Grenze zwischen Tragik und Komik zerflie\u00dfen lassen und zum befreienden Lachen f\u00fchren.<\/p>\n<p class=\"widget-title\">So wird unser St\u00fcck zu einer Momentaufnahme einer vergessenen, alten Frau, die einsam und allein ist - eine, deren Identit\u00e4t ein Geheimnis ist, das sie mit sich ins Grab nehmen wird. Wir m\u00f6chten dieses eine Bild, diesen einen Moment festhalten und die \u00fcberraschende Tiefe ihrer Identit\u00e4t beleuchten. Wir leisten Erinnerungsarbeit um dieses verschwindende Geheimnis.<\/p>\n<\/div>\n<\/div><\/div><\/div><div id=\"pgc-82-2-1\"  class=\"panel-grid-cell\" ><div id=\"panel-82-2-1-0\" class=\"so-panel widget widget_sow-editor panel-first-child panel-last-child\" data-index=\"3\" ><div class=\"so-widget-sow-editor so-widget-sow-editor-base\">\n<div class=\"siteorigin-widget-tinymce textwidget\">\n\t<div id=\"attachment_2859\" style=\"width: 310px\" class=\"wp-caption aligncenter\"><a href=\"http:\/\/luftartistin.de\/wp-content\/uploads\/2017\/01\/jana_ostrale21.jpg\"><img aria-describedby=\"caption-attachment-2859\" loading=\"lazy\" class=\"wp-image-2859 size-medium\" src=\"http:\/\/luftartistin.de\/wp-content\/uploads\/2017\/01\/jana_ostrale21-300x200.jpg\" alt=\"jana_ostrale21\" width=\"300\" height=\"200\" \/><\/a><p id=\"caption-attachment-2859\" class=\"wp-caption-text\">Frau Vladusch, Foto: Thomas Kelling<\/p><\/div>\n<p>&nbsp;<\/p>\n<div id=\"attachment_2860\" style=\"width: 310px\" class=\"wp-caption aligncenter\"><a href=\"http:\/\/luftartistin.de\/wp-content\/uploads\/2017\/01\/jana_ostrale22.jpg\"><img aria-describedby=\"caption-attachment-2860\" loading=\"lazy\" class=\"wp-image-2860 size-medium\" src=\"http:\/\/luftartistin.de\/wp-content\/uploads\/2017\/01\/jana_ostrale22-300x200.jpg\" alt=\"jana_ostrale22\" width=\"300\" height=\"200\" \/><\/a><p id=\"caption-attachment-2860\" class=\"wp-caption-text\">Frau Vladusch, Foto: Thomas Kelling<\/p><\/div>\n<p>&nbsp;<\/p>\n<div id=\"attachment_2858\" style=\"width: 310px\" class=\"wp-caption aligncenter\"><a href=\"http:\/\/luftartistin.de\/wp-content\/uploads\/2017\/01\/jana_ostrale06.jpg\"><img aria-describedby=\"caption-attachment-2858\" loading=\"lazy\" class=\"wp-image-2858 size-medium\" src=\"http:\/\/luftartistin.de\/wp-content\/uploads\/2017\/01\/jana_ostrale06-300x200.jpg\" alt=\"jana_ostrale06\" width=\"300\" height=\"200\" \/><\/a><p id=\"caption-attachment-2858\" class=\"wp-caption-text\">Frau Vladusch, Foto: Thomas Kelling<\/p><\/div>\n<p>&nbsp;<\/p>\n<div id=\"attachment_2857\" style=\"width: 310px\" class=\"wp-caption aligncenter\"><a href=\"http:\/\/luftartistin.de\/wp-content\/uploads\/2017\/01\/jana_ostrale04.jpg\"><img aria-describedby=\"caption-attachment-2857\" loading=\"lazy\" class=\"wp-image-2857 size-medium\" src=\"http:\/\/luftartistin.de\/wp-content\/uploads\/2017\/01\/jana_ostrale04-300x200.jpg\" alt=\"jana_ostrale04\" width=\"300\" height=\"200\" \/><\/a><p id=\"caption-attachment-2857\" class=\"wp-caption-text\">Frau Vladusch, Foto: Thomas Kelling<\/p><\/div>\n<p>&nbsp;<\/p>\n<div id=\"attachment_2862\" style=\"width: 310px\" class=\"wp-caption aligncenter\"><a href=\"http:\/\/luftartistin.de\/wp-content\/uploads\/2017\/01\/jana_ostrale26.jpg\"><img aria-describedby=\"caption-attachment-2862\" loading=\"lazy\" class=\"wp-image-2862 size-medium\" src=\"http:\/\/luftartistin.de\/wp-content\/uploads\/2017\/01\/jana_ostrale26-300x200.jpg\" alt=\"jana_ostrale26\" width=\"300\" height=\"200\" \/><\/a><p id=\"caption-attachment-2862\" class=\"wp-caption-text\">Frau Vladusch, Foto: Thomas Kelling<\/p><\/div>\n<p>&nbsp;<\/p>\n<div id=\"attachment_2863\" style=\"width: 310px\" class=\"wp-caption aligncenter\"><a href=\"http:\/\/luftartistin.de\/wp-content\/uploads\/2017\/01\/jana_ostrale27.jpeg\"><img aria-describedby=\"caption-attachment-2863\" loading=\"lazy\" class=\"wp-image-2863 size-medium\" src=\"http:\/\/luftartistin.de\/wp-content\/uploads\/2017\/01\/jana_ostrale27-300x200.jpeg\" alt=\"jana_ostrale27\" width=\"300\" height=\"200\" \/><\/a><p id=\"caption-attachment-2863\" class=\"wp-caption-text\">Frau Vladusch, Foto: Thomas Kelling<\/p><\/div>\n<p>&nbsp;<\/p>\n<\/div>\n<\/div><\/div><\/div><\/div><div id=\"pg-82-3\"  class=\"panel-grid panel-no-style\" ><div id=\"pgc-82-3-0\"  class=\"panel-grid-cell\" ><div id=\"panel-82-3-0-0\" class=\"so-panel widget widget_sow-editor panel-first-child panel-last-child\" data-index=\"4\" ><div class=\"so-widget-sow-editor so-widget-sow-editor-base\">\n<div class=\"siteorigin-widget-tinymce textwidget\">\n\t<div id=\"attachment_2868\" style=\"width: 310px\" class=\"wp-caption aligncenter\"><a href=\"http:\/\/luftartistin.de\/wp-content\/uploads\/2017\/01\/vladusch-schwung.jpg\"><img aria-describedby=\"caption-attachment-2868\" loading=\"lazy\" class=\"wp-image-2868 size-medium\" src=\"http:\/\/luftartistin.de\/wp-content\/uploads\/2017\/01\/vladusch-schwung-300x200.jpg\" alt=\"vladusch-schwung\" width=\"300\" height=\"200\" \/><\/a><p id=\"caption-attachment-2868\" class=\"wp-caption-text\">Frau Vladusch, Foto: Vojtech Brtnicky<\/p><\/div>\n<p>&nbsp;<\/p>\n<div id=\"attachment_2867\" style=\"width: 310px\" class=\"wp-caption aligncenter\"><a href=\"http:\/\/luftartistin.de\/wp-content\/uploads\/2017\/01\/vladusch-schlafen.jpg\"><img aria-describedby=\"caption-attachment-2867\" loading=\"lazy\" class=\"wp-image-2867 size-medium\" src=\"http:\/\/luftartistin.de\/wp-content\/uploads\/2017\/01\/vladusch-schlafen-300x200.jpg\" alt=\"vladusch-schlafen\" width=\"300\" height=\"200\" \/><\/a><p id=\"caption-attachment-2867\" class=\"wp-caption-text\">Frau Vladusch, Foto: Vojtech Brtnicky<\/p><\/div>\n<p>&nbsp;<\/p>\n<p>&nbsp;<\/p>\n<\/div>\n<\/div><\/div><\/div><div id=\"pgc-82-3-1\"  class=\"panel-grid-cell\" ><div id=\"panel-82-3-1-0\" class=\"so-panel widget widget_sow-editor panel-first-child panel-last-child\" data-index=\"5\" ><div class=\"so-widget-sow-editor so-widget-sow-editor-base\"><h3 class=\"widget-title\">TrapezTanzTheater \/ trapeze dance theater - transcending the trapeze<\/h3>\n<div class=\"siteorigin-widget-tinymce textwidget\">\n\t<p>Das Trapez \u2013 ein begrenzter Raum \u2013 umgeben von ein paar Kubikmetern Luft. Darin sieht Jana Korb ungeahnte M\u00f6glichkeiten f\u00fcr Ausdruck, Bewegung und Spiel. Seit einiger Zeit besch\u00e4ftigt sie sich mit begrenzten R\u00e4umen und ihren unbegrenzten M\u00f6glichkeiten, mit immer neuen Versuchen auszubrechen \u2013 dabei ist das Trapez sowohl als Spielort als auch als artistische Technik dieser begrenzte Raum.<\/p>\n<p>In diesem Luftraum bewegt sich die Artistin, wenn sie ihre K\u00fcnste zeigt. Dar\u00fcber hinaus kommt sie nur, wenn sie das Trapez verl\u00e4\u00dft - nach oben, nach unten, freiwillig oder durch Fallen.<br \/>\nUns interessiert, die Grenzen dieses Raumes zu erforschen und auszureizen. Die Begrenzung wird zur Chance, wenn das Trapez zu einem symbolischen Raum wird.<br \/>\n<a class=\"wpsal-anchor\" name=\"technik\" id=\"technik\"><\/a><\/p>\n<p>Doch im Gegensatz zu vergangenen Arbeiten ist in dieser Produktion der Boden die Enge einer kleinen K\u00fcche. Drei in unterschiedlichen H\u00f6hen h\u00e4ngende Trapeze dagegen er\u00f6ffnen die gro\u00dfe Welt der Erinnerungen, des Schmerzes, der Vergangenheit und der Hoffnung.<\/p>\n<p>Unter der Regie von Erica Ruhl erschafft Luftartistin Jana Korb ein emotional und intellektuell bewegendes, pures Trapeztheater.<\/p>\n<\/div>\n<\/div><\/div><\/div><\/div><div id=\"pg-82-4\"  class=\"panel-grid panel-no-style\" ><div id=\"pgc-82-4-0\"  class=\"panel-grid-cell\" ><div id=\"panel-82-4-0-0\" class=\"so-panel widget widget_sow-editor panel-first-child panel-last-child\" data-index=\"6\" ><div class=\"so-widget-sow-editor so-widget-sow-editor-base\"><h3 class=\"widget-title\">Credits<\/h3>\n<div class=\"siteorigin-widget-tinymce textwidget\">\n\t<div id=\"attachment_2865\" style=\"width: 310px\" class=\"wp-caption alignright\"><a href=\"http:\/\/luftartistin.de\/wp-content\/uploads\/2017\/01\/vladusch-freude.jpg\"><img aria-describedby=\"caption-attachment-2865\" loading=\"lazy\" class=\"wp-image-2865 size-medium\" src=\"http:\/\/luftartistin.de\/wp-content\/uploads\/2017\/01\/vladusch-freude-300x200.jpg\" alt=\"vladusch-freude\" width=\"300\" height=\"200\" \/><\/a><p id=\"caption-attachment-2865\" class=\"wp-caption-text\">Frau Vladusch, Foto: Vojtech Brtnicky<\/p><\/div>\n<p>Frau Vladusch - TrapezTanzTheater<br \/>\nTrapeze theater by and with\u00a0Jana Korb<\/p>\n<p>Performance: Jana Korb<\/p>\n<p>Concept\u00a0and idea: Jana Korb and Erica Ruhl<br \/>\nDirector: Erica Ruhl<\/p>\n<p>Music: Ulas Aktas and Supermonophonic<br \/>\nCostumes: ajak kost\u00fcmbild<br \/>\nStage design: Erica Ruhl<br \/>\nVisual design: Tobias Stiefel and Gerhard Koch<\/p>\n<p>Choreographic assistance: Anka B\u00f6ttcher<br \/>\nDramaturgis assistance: Dieter Handler<\/p>\n<p>Production: korb + stiefel<\/p>\n<h3>Technical details<\/h3>\n<p>Trapeze solo\u00a0on\u00a0three\u00a0trapezes, ca. 35min<\/p>\n<p>Frau Vladusch - TrapezTanzTheater\u00a0is performed on a free-standing rig, representing the secluded world of Frau Vladusch. The rig is a three legged pyramid. The audience might watch the performance from the front or up to 270\u00b0.<\/p>\n<p>Three trapezes are hanging in the rig in different heights, above the stage (a kitchen). The highest is 5m high. The ground is covered by a round red mat (4m in diameter).<\/p>\n<p>Aerial rig:<br \/>\nFree standing three legged pyramid<br \/>\nHeight: 8m<br \/>\nGround space: ca. 6m x 6m<br \/>\nGround space for setup: 6m x 16m<\/p>\n<div class=\"page\" title=\"Page 2\">\n<div class=\"section\">\n<div class=\"layoutArea\">\n<div class=\"column\">\n<p>Setup by\u00a0Jana Korb\u00a0and\u00a0team.<br \/>\nThe ground must be flat and even, free of equipment and obstacles. The aerial space must be free of obstacles, not closer than 2m.<\/p>\n<p>Setup: ca. 2h<br \/>\nTake down: ca. 1h<\/p>\n<p>Indoor version: 3 solo trapezes rigged in a triangle, min. height 6,50m, 6 rigging points (BLL 20kN)<\/p>\n<p>Light:<br \/>\nIf performed in dusk or darkness we need two light settings:<br \/>\n- Ground,\u00a0white\u00a0space<br \/>\n- Trapeze,\u00a0white\u00a0aerial space, without any light on the ground<\/p>\n<p>Sound:<br \/>\nWe need a sound system, appropriate for the size of the audience. We bring our own player (to connect by mini jack).<\/p>\n<p>&gt;&gt; Infos and technical\u00a0rider\u00a0 - PDF download<br \/>\n<a href=\"http:\/\/www.trapeztanztheater.de\" target=\"_blank\">&gt;&gt;\u00a0further\u00a0info\u00a0at www.trapeztanztheater.de<\/a><\/p>\n<\/div>\n<\/div>\n<\/div>\n<\/div>\n<\/div>\n<\/div><\/div><\/div><\/div><\/div>","protected":false},"excerpt":{"rendered":"<p>With everyday pictures and great love for small details, Jana Korb tells a very personal story. Grotesquely detached daily movements are used as dance elements on the ground and in the air on the trapeze. Circus tricks flow to create a body language that makes her pain visible \u2013 and yet forces us to smile. [&hellip;]<\/p>\n","protected":false},"author":1,"featured_media":0,"parent":21,"menu_order":0,"comment_status":"closed","ping_status":"closed","template":"","meta":[],"yoast_head":"<!-- This site is optimized with the Yoast SEO plugin v15.6.2 - https:\/\/yoast.com\/wordpress\/plugins\/seo\/ -->\n<meta name=\"robots\" content=\"index, follow, max-snippet:-1, max-image-preview:large, max-video-preview:-1\" \/>\n<link rel=\"canonical\" href=\"https:\/\/luftartistin.de\/en\/air-artist\/frau-vladusch-trapeztanztheater\/\" \/>\n<meta property=\"og:locale\" content=\"en_GB\" \/>\n<meta property=\"og:type\" content=\"article\" \/>\n<meta property=\"og:title\" content=\"Frau Vladusch - TrapezTanzTheater - Luftartistin.de\/en\" \/>\n<meta property=\"og:description\" content=\"With everyday pictures and great love for small details, Jana Korb tells a very personal story. Grotesquely detached daily movements are used as dance elements on the ground and in the air on the trapeze. Circus tricks flow to create a body language that makes her pain visible \u2013 and yet forces us to smile. [&hellip;]\" \/>\n<meta property=\"og:url\" content=\"https:\/\/luftartistin.de\/en\/air-artist\/frau-vladusch-trapeztanztheater\/\" \/>\n<meta property=\"og:site_name\" content=\"Luftartistin.de\/en\" \/>\n<meta property=\"article:modified_time\" content=\"2018-10-30T20:10:26+00:00\" \/>\n<meta property=\"og:image\" content=\"http:\/\/luftartistin.de\/wp-content\/uploads\/2017\/01\/DSC_0033-2-200x300.jpeg\" \/>\n<meta name=\"twitter:card\" content=\"summary\" \/>\n<meta name=\"twitter:label1\" content=\"Estimated reading time\">\n\t<meta name=\"twitter:data1\" content=\"6 minutes\">\n<script type=\"application\/ld+json\" class=\"yoast-schema-graph\">{\"@context\":\"https:\/\/schema.org\",\"@graph\":[{\"@type\":\"WebSite\",\"@id\":\"https:\/\/luftartistin.de\/en\/#website\",\"url\":\"https:\/\/luftartistin.de\/en\/\",\"name\":\"Luftartistin.de\/en\",\"description\":\"air artist jana korb\",\"potentialAction\":[{\"@type\":\"SearchAction\",\"target\":\"https:\/\/luftartistin.de\/en\/?s={search_term_string}\",\"query-input\":\"required name=search_term_string\"}],\"inLanguage\":\"en-GB\"},{\"@type\":\"ImageObject\",\"@id\":\"https:\/\/luftartistin.de\/en\/air-artist\/frau-vladusch-trapeztanztheater\/#primaryimage\",\"inLanguage\":\"en-GB\",\"url\":\"http:\/\/luftartistin.de\/wp-content\/uploads\/2017\/01\/DSC_0033-2-200x300.jpeg\"},{\"@type\":\"WebPage\",\"@id\":\"https:\/\/luftartistin.de\/en\/air-artist\/frau-vladusch-trapeztanztheater\/#webpage\",\"url\":\"https:\/\/luftartistin.de\/en\/air-artist\/frau-vladusch-trapeztanztheater\/\",\"name\":\"Frau Vladusch - TrapezTanzTheater - Luftartistin.de\/en\",\"isPartOf\":{\"@id\":\"https:\/\/luftartistin.de\/en\/#website\"},\"primaryImageOfPage\":{\"@id\":\"https:\/\/luftartistin.de\/en\/air-artist\/frau-vladusch-trapeztanztheater\/#primaryimage\"},\"datePublished\":\"2018-10-01T22:26:23+00:00\",\"dateModified\":\"2018-10-30T20:10:26+00:00\",\"inLanguage\":\"en-GB\",\"potentialAction\":[{\"@type\":\"ReadAction\",\"target\":[\"https:\/\/luftartistin.de\/en\/air-artist\/frau-vladusch-trapeztanztheater\/\"]}]}]}<\/script>\n<!-- \/ Yoast SEO plugin. -->","_links":{"self":[{"href":"https:\/\/luftartistin.de\/en\/wp-json\/wp\/v2\/pages\/82"}],"collection":[{"href":"https:\/\/luftartistin.de\/en\/wp-json\/wp\/v2\/pages"}],"about":[{"href":"https:\/\/luftartistin.de\/en\/wp-json\/wp\/v2\/types\/page"}],"author":[{"embeddable":true,"href":"https:\/\/luftartistin.de\/en\/wp-json\/wp\/v2\/users\/1"}],"replies":[{"embeddable":true,"href":"https:\/\/luftartistin.de\/en\/wp-json\/wp\/v2\/comments?post=82"}],"version-history":[{"count":14,"href":"https:\/\/luftartistin.de\/en\/wp-json\/wp\/v2\/pages\/82\/revisions"}],"predecessor-version":[{"id":187,"href":"https:\/\/luftartistin.de\/en\/wp-json\/wp\/v2\/pages\/82\/revisions\/187"}],"up":[{"embeddable":true,"href":"https:\/\/luftartistin.de\/en\/wp-json\/wp\/v2\/pages\/21"}],"wp:attachment":[{"href":"https:\/\/luftartistin.de\/en\/wp-json\/wp\/v2\/media?parent=82"}],"curies":[{"name":"wp","href":"https:\/\/api.w.org\/{rel}","templated":true}]}}