{"id":249,"date":"2019-04-12T23:59:01","date_gmt":"2019-04-12T21:59:01","guid":{"rendered":"http:\/\/luftartistin.de\/en\/?page_id=249"},"modified":"2019-04-12T23:59:01","modified_gmt":"2019-04-12T21:59:01","slug":"about-jana-korb-references","status":"publish","type":"page","link":"https:\/\/luftartistin.de\/en\/about-jana-korb-references\/","title":{"rendered":"About Jana Korb + References"},"content":{"rendered":"<div id=\"pl-249\"  class=\"panel-layout\" ><div id=\"pg-249-0\"  class=\"panel-grid panel-no-style\" ><div id=\"pgc-249-0-0\"  class=\"panel-grid-cell\" ><div id=\"panel-249-0-0-0\" class=\"so-panel widget widget_sow-editor panel-first-child panel-last-child\" data-index=\"0\" ><div class=\"so-widget-sow-editor so-widget-sow-editor-base\"><h3 class=\"widget-title\">About myself - Jana Korb<\/h3>\n<div class=\"siteorigin-widget-tinymce textwidget\">\n\t<p>I have been trained as an aerialist by Orit Nevo und Mike Wright, as physical theater performer by Elias Cohen and Gabriel Chame. I have studied Cultural Studies (FU and HU Berlin), and Fine Arts (HdK Berlin) in the free class by Christoph Schlingensief. I work in and for different companies and productions (Sol'Air, Danza Furiosa, etc.) - but above all I am a solo artist and artistic director of by own productions.<\/p>\n<p>Apart from gigs in galas and events, in circus and variety, I work on transcending aerial arts and finding new approaches and physical languages for space, narrative, and technique on the trapeze, rope, and silks. This is visible in my productions of contemporary circus and performances in public spaces. I priductions have been funded by Hauptstadtkulturfonds, by Fonds Darstellende K\u00fcnste, and by Deutsch-Tschechischer Zukunftsfonds, and in 2004 my co-production Trapeztheater Daumenkino was nominated for <a href=\"http:\/\/www.jeunestalentscirque.org\/english.html\" target=\"_blank\" rel=\"noopener\">Jeunes Talents Cirque<\/a>.<\/p>\n<p>In 2014 I co-founded <a href=\"http:\/\/www.forum-neuer-zirkus.de\" target=\"_blank\" rel=\"noopener\">Forum Neuer Zirkus<\/a> in Berlin, together with further artists and producers: a festival that presented and connected the scene of German contemporary circus for the first time. One of its aims was to establish contemporary circus as an artform in German cultural politics.<\/p>\n<p>In Berlin I am co-founder of <a href=\"http:\/\/www.vuesch.org\/\" target=\"_blank\" rel=\"noopener\">Verein zur \u00dcberwindung der Schwerkraft<\/a>, one of the few bigger training and productions centers for circus arts in Berlin. In 2016 I have founded the Aerial Arts Festival Berlin (<a href=\"http:\/\/www.aerialartsfestival.de\" target=\"_blank\" rel=\"noopener\">Luftartistik Festspiele Berlin<\/a>), an international performance, networking, and workshop festival. I am currently artistic co-director together with Jessica Walters.<\/p>\n<p>I am member and on the board of directors of the Association for Theater in Public Spaces (<a href=\"http:\/\/www.theater-im-oeffentlichen-raum.de\/\" target=\"_blank\" rel=\"noopener\">Bundesverband f\u00fcr Theater im \u00f6ffentlichen Raum<\/a>), which aims to support, advance and connect the genre of perfoming arts in public spaces.<\/p>\n<p>Since 2013 I have been active in the\u00a0<a href=\"http:\/\/www.themagdalenaproject.org\" target=\"_blank\" rel=\"noopener\">Magdalena Project<\/a>, an international network of women in contemporary performing arts. Notable is my participation in the first Magdalena Festival in Munich in 2018.<br \/>\nEmpowerment and visibility of women is an important part of my artistic creation \u2013for years I have been researching about women in the arts and in circus. I have created several productions about these issues: Vintage! Women! Variete! a circus theater for public spaces, a travelling exhibition about circus ladies of the early 20th century, and lecture performances for varietes and galas.<\/p>\n<p>I have created performances for the artists Christoph Schlingensief, John Bock, bankleer,- and Fura dels Baus.<br \/>\nI have created shows for event of Mercedes, O2 Germany, Deutsche Bahn and many more.<br \/>\nI have performed for German President Horst K\u00f6hler and Czech President Vaclav Havel, and in many varieties (Wintergarten, Cham\u00e4leon, Octopus, <a href=\"http:\/\/www.zircouplet.de\/\" target=\"_blank\" rel=\"noopener\">ZirCouplet<\/a>, Pegasus etc.) and galas.<\/p>\n<p>My productions have been presented at many European theater and art festivals (documenta, at.tension, Ostrale, Pflasterspektakel, Aqua Magica, Letni Letna, Odin Teatret, Fun Fatale Festival usw.). Since 2012 I have had an exclusiv contract for all promotion gigs for O2 Germany.<\/p>\n<\/div>\n<\/div><\/div><\/div><div id=\"pgc-249-0-1\"  class=\"panel-grid-cell\" ><div id=\"panel-249-0-1-0\" class=\"so-panel widget widget_sow-editor panel-first-child panel-last-child\" data-index=\"1\" ><div class=\"so-widget-sow-editor so-widget-sow-editor-base\">\n<div class=\"siteorigin-widget-tinymce textwidget\">\n\t<div id=\"attachment_2841\" style=\"width: 310px\" class=\"wp-caption aligncenter\"><a href=\"http:\/\/luftartistin.de\/wp-content\/uploads\/2016\/03\/kl_photo_Suzon_Fuks_Transit2016_DSC_0123.jpg\"><img aria-describedby=\"caption-attachment-2841\" loading=\"lazy\" class=\"wp-image-2841 size-full\" src=\"http:\/\/luftartistin.de\/wp-content\/uploads\/2016\/03\/kl_photo_Suzon_Fuks_Transit2016_DSC_0123.jpg\" alt=\"kl_photo_Suzon_Fuks_Transit2016_DSC_0123\" width=\"300\" height=\"367\" \/><\/a><p id=\"caption-attachment-2841\" class=\"wp-caption-text\">Jana Korb, Foto: Suzon Fuks<\/p><\/div>\n<h3>Professors for Aerial Arts and Performance<\/h3>\n<p>Mike Wright \u2022 <a href=\"http:\/\/oncccc.wordpress.com\/\" target=\"_blank\" rel=\"noopener\">Orit Nevo<\/a> \u2022 Johanna B\u00e4umler \u2022 Fons Bennink \u2022 <a href=\"http:\/\/www.mimbre.co.uk\/\" target=\"_blank\" rel=\"noopener\">Mimbre<\/a><\/p>\n<p>Manuela Heider de Jahnsen \u2022 <a href=\"http:\/\/www.gabrielchame.com\/\" target=\"_blank\" rel=\"noopener\">Gabriel Chame<\/a> \u2022 <a href=\"http:\/\/www.physicaltheater.net\/\" target=\"_blank\" rel=\"noopener\">Elias Cohen<\/a> \u2022 <a href=\"http:\/\/www.minakoseki.com\/\" target=\"_blank\" rel=\"noopener\">Minako Seki<\/a><\/p>\n<p>Christoph Schlingensief<\/p>\n<h3>M.A. Advisors<\/h3>\n<p>Prof. Dr. Astrid Deuber-Mankowsky \u2022 Dr. Rosalinde Sartorti<\/p>\n<h3>Memberships and Networks<\/h3>\n<p><a href=\"http:\/\/www.themagdalenaproject.org\/\" target=\"_blank\" rel=\"noopener\">The Magdalena Project<\/a> \u2013 international network of women in theater<br \/>\n<a href=\"http:\/\/www.theater-im-oeffentlichen-raum.de\/\" target=\"_blank\" rel=\"noopener\">Ti\u00d6R<\/a> \u2013 Association of Theater in Public Spaces<br \/>\n<a href=\"https:\/\/www.laft-berlin.de\/\" target=\"_blank\" rel=\"noopener\">LAFT<\/a> - Berlin State Association for the Independent Performing Arts<br \/>\n<a href=\"http:\/\/www.vuesch.org\/\" target=\"_blank\" rel=\"noopener\"><span class=\"caps\">VUESCH<\/span> e.V.<\/a> \u2013 Association for Overcoming Gravity \u2013 Circus Arts in Berlin<br \/>\n<a href=\"http:\/\/www.scene5.net\/\" target=\"_blank\" rel=\"noopener\">S.C.E.N.E.5 e.V.<\/a> \u2013 Arts in Berlin-Lichtenberg<br \/>\n<a href=\"https:\/\/www.initiative-neuerzirkus.de\/\" target=\"_blank\" rel=\"noopener\">INZ<\/a> - Intiative for Contemporary Circus<\/p>\n<h3>Skills<\/h3>\n<p><strong>Aerial Arts<\/strong><br \/>\nSolo \u2013 Trapeze, silks, rope, aerial hoop, wall dance etc.<br \/>\nDuo \u2013 Trapeze, silks, rope, cloud swing etc..<br \/>\nI am fascinated by everything hanging \u2013 chandeliers, nets, strings, anchors, hot air ballons etc.<em><br \/>\n<\/em><\/p>\n<p><strong>Circus Arts<\/strong><br \/>\nAcrobatics, stilts, glass walking, fire eating, fire spinning<\/p>\n<p><strong>Movement<\/strong><br \/>\nAerial dance, wall dance, dance trapeze<br \/>\nClimbing, skiing, sailing, surfing<\/p>\n<p><strong>Languages<\/strong><br \/>\nfluent \u2013 German, English, Czech, Russian<br \/>\nokay \u2013 French<br \/>\nbasics \u2013 Spanish, Portuguese<\/p>\n<\/div>\n<\/div><\/div><\/div><\/div><div id=\"pg-249-1\"  class=\"panel-grid panel-no-style\" ><div id=\"pgc-249-1-0\"  class=\"panel-grid-cell\" ><div id=\"panel-249-1-0-0\" class=\"so-panel widget widget_sow-editor panel-first-child panel-last-child\" data-index=\"2\" ><div class=\"so-widget-sow-editor so-widget-sow-editor-base\"><h3 class=\"widget-title\">Press<\/h3>\n<div class=\"siteorigin-widget-tinymce textwidget\">\n\t<p>\u201cDer hei\u00dfe Tip der Szene!\u201d<br \/>\nMitteldeutscher Rundfunk<\/p>\n<p>\u201cCirque du Soleil Th\u00fcringens\u201d<br \/>\nForum K<\/p>\n<p>\u201cGeboten wurde beste Unterhaltung!\u201d<br \/>\nExtra-Blatt Troisdorf<\/p>\n<p>\"Eine der besten Trapezk\u00fcnstlerinnen Deutschlands\"<br \/>\nNeue Westph\u00e4lische<\/p>\n<p>\"BERLINER LUFTHOHEIT<br \/>\nJana Korb ist nicht nur eine virtuose Berliner Luftakrobatin, sie deutet ihre Lufthoheit gleich literarisch. Sie mischt Bewegungstheater mit zeitgen\u00f6ssischem Zirkus, kombiniert Tanztheater mit Trapezkunst, Performance und Akrobatik. Luftartistik ist ihre Muttersprache, in der sie sich sehr vielseitig auszudr\u00fccken versteht. Am Trapez erz\u00e4hlt sie Kafka. Das nennt sie \u00bbNarrativen Zirkus\u00ab. Mit dem Tuch oder dem Luftring kennt sie sich ebenso k\u00f6nnerisch aus. Galas sind ihr elegantes Zuhause.<br \/>\nAber noch viel mehr ist sie auch Chronistin von \u00bbFrauen im Circus\u00ab. Sie betreibt kulturwissenschaftliche Forschungen zum Thema und man k\u00f6nnte sie auch f\u00fcr einen entsprechenden Vortrag buchen. Auch ganz ohne Trapez, Netz und doppelten Boden. Sie f\u00fchlt sich herausgefordert, feministische Ans\u00e4tze zu finden, sie zu st\u00e4rken sowie eine Herstory der Artistik zu schreiben. Sie beschreibt, wo sie in der artistischen Szene immer wieder auf Genderstereotypen trifft. Das betreffe nicht zuletzt auch die Erwartungen der VeranstalterInnen und des Publikums. Auf der positiven Seite interessieren sie die Artistik- und Zirkusszene als historische Freir\u00e4ume f\u00fcr das \u00bbAndere\u00ab und radikale Ideen. Wenn das keine Aufforderung zum Diskurs ist!\"<br \/>\nShowcases<\/p>\n<p>\u201cSchon lange vor dem Start der Feuer- und Akrobatikschau ums\u00e4umte ein dichter Ring von Zuschauern den Sandb\u00f6hlplatz, \u00fcber dem im Verlauf des ebenso faszinierenden wie atemberaubenden Schauspiels manches \u201cAh\u201d und \u201cOh\u201d verhallte.\u201d<br \/>\nGro\u00df Gerauer Echo<\/p>\n<p>\u201cLuftartistin Jana Korb entf\u00fchrte das Publikum w\u00e4hrend drei unterschiedlichen Vorstellungen in die Welt der Freiluft-Trapez und Tuchartistik, gepaart mit spektakul\u00e4rer Feuerkunst und klassischer Musik. Die Symbiose aus Feuer und Artistik begeisterte.\u201d<br \/>\nRhein-Sieg-Anzeiger<\/p>\n<h3>Performances<\/h3>\n<p>Magdalena Montpellier\/F \u2022 Transit, Holstebro\/DK \u2022 UrNat, International Performance Art Festival, Ringk\u00f8bing\/DK \u2022 Von Nord nach West Tour \u2022 Ritterfestspiele Kaltenberg \u2022 Pflasterspektakel, Linz \u2022 Body Art Festival, Jena \u2022 Nacht der Sinne, Gro\u00df-Gerau \u2022 Sommerfest Troisdorf \u2022 Spektakel im Kurpark, Bad Salzdetfurt \u2022Divadelni Flora Festival, Olomouc\/CZ \u2022 Theatre Alfred ve Dvore, Praha \u2022 Letni Letna Festival, Prag \u2022 Mimo Leto Festival, Jihlava\/CZ \u2022 Blauer Mittwoch, Frankfurt a.d.Oder \u2022 Stadtfest Wien \u2022 II. Mitteleurop\u00e4isches Theater-Zirkus-Treffen, Wroclaw \u2022 Sail Amsterdam \u2022 Mental Circus Festival, Berlin \u2022 Stubnitz, Rostock und Amsterdam \u2022 Women's Day, Istanbul \u2022 Bogazici \u00dcniversitesi, Istanbul \u2022 Sommer auf den Magellan Terassen, Hamburg \u2022 Aqua Magica, Bad Oyenhausen \u2022 Kulturnacht Schneverdingen \u2022 Fire and Drums, Jena \u2022 Deutsch-Tschechisches Gauklertreffen Waldm\u00fcnchen \u2022 Aleje Festival M\u00e4hren, CZ \u2022 BLO-Land-Festival, Berlin \u2022 Kleinkunstfest Graal-M\u00fcritz \u2022 International Theater Festival of European Regions Hradec Kralove, CZ \u2022 Kulturelle Landpartie, Wendland \u2022 ZeltMusikFestival, Freiburg \u2022 Attension, L\u00e4rz \u2022 One Man Show Festival Trencin, SK \u2022 Schlingensiefs Wahlkampfzirkus, Berlin \u2022 Schlingensiefs Chance 2000, Berlin \u2022 Kulturwochenende Crailsheim \u2022 Ostrale, Dresden \u2022 Fun Fatale, Praha \u2022<br \/>\nCircus Charivari, Berlin \u2022 SoFa Variete, Berlin \u2022 Theaterball, Mesto Martin\/SK \u2022 Sterne des Variete, Bad Kreuznach \u2022 Marineball, Bremerhaven \u2022 125 Jahrfeier TU-Berlin \u2022 Cham\u00e4leon Variete, Berlin \u2022 ZirCouplet, Berlin \u2022 Circus Althoff \u2022 Divadlo Klub Mlejn, Praha \u2022 Sommerfest des Bundespr\u00e4sidenten \u2022<br \/>\nShowtech, Berlin \u2022 Wasserwerk, Berlin \u2022 Obecny Dum, Praha \u2022 Filmpark Babelsberg \u2022 Kino Kosmos Berlin \u2022 Tropical Islands, Brandenburg \u2022 Zoo Hannover \u2022 Hansepferd, Hamburg \u2022 Nordpferd, Neum\u00fcnster \u2022 Horsica, Bad Salzuflen<\/p>\n<h3>Co-Productions<\/h3>\n<p>Sensa (<a href=\"http:\/\/www.sensa.show\" target=\"_blank\" rel=\"noopener\">www.sensa.show<\/a>) \u2022 Trapeztheater Daumenkino \u2022 zt geschwindel (<a href=\"http:\/\/www.zt-geschwindel.org\" target=\"_blank\" rel=\"noopener\">www.zt-geschwindel.org<\/a>) \u2022 zirka trollop \u2022 Theatermafia<\/p>\n<h3>Links<\/h3>\n<p><a href=\"http:\/\/www.mosaique-feuershow.de\" target=\"_blank\" rel=\"noopener\">mosaique<\/a> \u2013 Fire and Circus Arts<br \/>\n<a href=\"http:\/\/spot-vs-pixel.de\" target=\"_blank\" rel=\"noopener\">spot vs pixel<\/a> \u2013 Visual Communication<br \/>\n<a href=\"http:\/\/ajak-kostuembild.de\" target=\"_blank\" rel=\"noopener\">ajak Kost\u00fcmbild<\/a> \u2013 Costumes for Circus Artists<br \/>\n<a href=\"http:\/\/www.pomc-prod.de\" target=\"_blank\" rel=\"noopener\">Claire Terrien<\/a> \u2013 Light and Stage Design<br \/>\n<a href=\"https:\/\/www.philfarmer.de\/\" target=\"_blank\" rel=\"noopener\">Phil Farmer<\/a> \u2013 Wood and Metal Arts (built my rig!!!)<br \/>\n<a href=\"http:\/\/brtnicky.com\" target=\"_blank\" rel=\"noopener\">Vojtech Brtnicky<\/a> \u2013 Fotografer<br \/>\n<a href=\"http:\/\/www.christiane-wiegand.de\" target=\"_blank\" rel=\"noopener\">Christiane Wiegand<\/a> \u2013 Director, Dramaturg<\/p>\n<\/div>\n<\/div><\/div><\/div><\/div><div id=\"pg-249-2\"  class=\"panel-grid panel-no-style\" ><div id=\"pgc-249-2-0\"  class=\"panel-grid-cell\" ><div id=\"panel-249-2-0-0\" class=\"so-panel widget widget_sow-editor panel-first-child panel-last-child\" data-index=\"3\" ><div class=\"so-widget-sow-editor so-widget-sow-editor-base\"><h3 class=\"widget-title\">Publications<\/h3>\n<div class=\"siteorigin-widget-tinymce textwidget\">\n\t<p>SCH\u00c4FER, Andreas, 2018: \"Berliner Lufthoheit\" in: showcases 1\/2018, 10-11<\/p>\n<p>KORB, Jana, 2015: \"V\u011bda o cirkusu - \u00favahy o cirkusu v N\u011bmecku\" in: Tane\u010dn\u00ed Z\u00f3na 03\/2015, 72-74<\/p>\n<p>HULEC, Vladimir, und Jana Korb, 2014: \"Pro\u010d d\u011bl\u00e1m stoj na rukou?!!! Pro\u010d!!!\" in: Tane\u010dn\u00ed Z\u00f3na 04\/2014, 80-83<\/p>\n<p>KORB, Jana, 2014: \"Gro\u00dfartige Frauen in Zirkus, Variete und Artistik\", Wanderausstellung, Er\u00f6ffnung 13 09 2014, Zirkart Festival, Forchheim<\/p>\n<p>KORB, Jana, 2008: \"Rezension \u00fcber Keine Angst haben, das ist unser Beruf! Kunstreiterinnen, Dompteusen und undere Zirkusartistinnen von Stephanie Haerdle\" in querelles<br \/>\nKORB, Jana, 2005: \"Costumes for performing artists \/ Kost\u00fcmbild f\u00fcr ArtistInnen\" in: Kaskade European Juggling Magazine, Nr.77, 30-36<\/p>\n<p>HAPKE, Andrea, und Jana Korb, 2001: \"Russische cyberfeministische Strategien zwischen Realit\u00e4t, Virtualit\u00e4t und Fiktion. Ein Dialog\" in: Die Philosophin, Nr.24,<\/p>\n<p>HAPKE, Andrea, und Andrea Jana Korb, 2001: Kiberfeminizm, Cyberfeminism, Cyberfeminismus, http:\/\/cyberfemin.janakorb.de\/<\/p>\n<p>HAIDE, Ella von der, und Andrea Jana Korb, 2000: \"Durch das Frau-Werden der Arbeit zur Revolution? Eine feministische Kritik an Antonio Negris Ready-Mix\" in: Das Argument 235, h.2, 227-233 <\/p>\n<p>KORB, Andrea Jana, 1999: \"Fem.SciFi 0-5. Von der Cyborg, von virtuellen Welten und ganz realen Arbeitsbedingungen\" in: HUch! Schwerpunkt: Geschlecht. Arbeit. Politik., Nr.21, 13-15<\/p>\n<p>KORB, Andrea Jana, 1998: \"Russland und der Westen und andere Grenzziehungen - Der Moskauer Konzeptualismus und seine postmodernen Deutungen \" in: (p)ostmoderne - eine werkstatt, http:\/\/userpage.fu-berlin.de\/~omo<\/p>\n<\/div>\n<\/div><\/div><\/div><\/div><\/div>","protected":false},"excerpt":{"rendered":"<p>I have been trained as an aerialist by Orit Nevo und Mike Wright, as physical theater performer by Elias Cohen and Gabriel Chame. I have studied Cultural Studies (FU and HU Berlin), and Fine Arts (HdK Berlin) in the free class by Christoph Schlingensief. I work in and for different companies and productions (Sol&#8217;Air, Danza [&hellip;]<\/p>\n","protected":false},"author":1,"featured_media":0,"parent":0,"menu_order":0,"comment_status":"closed","ping_status":"closed","template":"","meta":[],"yoast_head":"<!-- This site is optimized with the Yoast SEO plugin v15.6.2 - https:\/\/yoast.com\/wordpress\/plugins\/seo\/ -->\n<meta name=\"robots\" content=\"index, follow, max-snippet:-1, max-image-preview:large, max-video-preview:-1\" \/>\n<link rel=\"canonical\" href=\"https:\/\/luftartistin.de\/en\/about-jana-korb-references\/\" \/>\n<meta property=\"og:locale\" content=\"en_GB\" \/>\n<meta property=\"og:type\" content=\"article\" \/>\n<meta property=\"og:title\" content=\"About Jana Korb + References - Luftartistin.de\/en\" \/>\n<meta property=\"og:description\" content=\"I have been trained as an aerialist by Orit Nevo und Mike Wright, as physical theater performer by Elias Cohen and Gabriel Chame. I have studied Cultural Studies (FU and HU Berlin), and Fine Arts (HdK Berlin) in the free class by Christoph Schlingensief. I work in and for different companies and productions (Sol&#039;Air, Danza [&hellip;]\" \/>\n<meta property=\"og:url\" content=\"https:\/\/luftartistin.de\/en\/about-jana-korb-references\/\" \/>\n<meta property=\"og:site_name\" content=\"Luftartistin.de\/en\" \/>\n<meta property=\"og:image\" content=\"http:\/\/luftartistin.de\/wp-content\/uploads\/2016\/03\/kl_photo_Suzon_Fuks_Transit2016_DSC_0123.jpg\" \/>\n<meta name=\"twitter:card\" content=\"summary\" \/>\n<meta name=\"twitter:label1\" content=\"Estimated reading time\">\n\t<meta name=\"twitter:data1\" content=\"7 minutes\">\n<script type=\"application\/ld+json\" class=\"yoast-schema-graph\">{\"@context\":\"https:\/\/schema.org\",\"@graph\":[{\"@type\":\"WebSite\",\"@id\":\"https:\/\/luftartistin.de\/en\/#website\",\"url\":\"https:\/\/luftartistin.de\/en\/\",\"name\":\"Luftartistin.de\/en\",\"description\":\"air artist jana korb\",\"potentialAction\":[{\"@type\":\"SearchAction\",\"target\":\"https:\/\/luftartistin.de\/en\/?s={search_term_string}\",\"query-input\":\"required name=search_term_string\"}],\"inLanguage\":\"en-GB\"},{\"@type\":\"ImageObject\",\"@id\":\"https:\/\/luftartistin.de\/en\/about-jana-korb-references\/#primaryimage\",\"inLanguage\":\"en-GB\",\"url\":\"http:\/\/luftartistin.de\/wp-content\/uploads\/2016\/03\/kl_photo_Suzon_Fuks_Transit2016_DSC_0123.jpg\"},{\"@type\":\"WebPage\",\"@id\":\"https:\/\/luftartistin.de\/en\/about-jana-korb-references\/#webpage\",\"url\":\"https:\/\/luftartistin.de\/en\/about-jana-korb-references\/\",\"name\":\"About Jana Korb + References - Luftartistin.de\/en\",\"isPartOf\":{\"@id\":\"https:\/\/luftartistin.de\/en\/#website\"},\"primaryImageOfPage\":{\"@id\":\"https:\/\/luftartistin.de\/en\/about-jana-korb-references\/#primaryimage\"},\"datePublished\":\"2019-04-12T21:59:01+00:00\",\"dateModified\":\"2019-04-12T21:59:01+00:00\",\"inLanguage\":\"en-GB\",\"potentialAction\":[{\"@type\":\"ReadAction\",\"target\":[\"https:\/\/luftartistin.de\/en\/about-jana-korb-references\/\"]}]}]}<\/script>\n<!-- \/ Yoast SEO plugin. -->","_links":{"self":[{"href":"https:\/\/luftartistin.de\/en\/wp-json\/wp\/v2\/pages\/249"}],"collection":[{"href":"https:\/\/luftartistin.de\/en\/wp-json\/wp\/v2\/pages"}],"about":[{"href":"https:\/\/luftartistin.de\/en\/wp-json\/wp\/v2\/types\/page"}],"author":[{"embeddable":true,"href":"https:\/\/luftartistin.de\/en\/wp-json\/wp\/v2\/users\/1"}],"replies":[{"embeddable":true,"href":"https:\/\/luftartistin.de\/en\/wp-json\/wp\/v2\/comments?post=249"}],"version-history":[{"count":1,"href":"https:\/\/luftartistin.de\/en\/wp-json\/wp\/v2\/pages\/249\/revisions"}],"predecessor-version":[{"id":250,"href":"https:\/\/luftartistin.de\/en\/wp-json\/wp\/v2\/pages\/249\/revisions\/250"}],"wp:attachment":[{"href":"https:\/\/luftartistin.de\/en\/wp-json\/wp\/v2\/media?parent=249"}],"curies":[{"name":"wp","href":"https:\/\/api.w.org\/{rel}","templated":true}]}}