{"id":127,"date":"2018-10-13T14:52:08","date_gmt":"2018-10-13T12:52:08","guid":{"rendered":"http:\/\/luftartistin.de\/en\/?page_id=127"},"modified":"2018-10-30T17:48:34","modified_gmt":"2018-10-30T16:48:34","slug":"paper-dolls-aerial-theater","status":"publish","type":"page","link":"https:\/\/luftartistin.de\/en\/air-artist\/paper-dolls-aerial-theater\/","title":{"rendered":"Paper Dolls &#8211; Aerial Theater"},"content":{"rendered":"<div id=\"pl-127\"  class=\"panel-layout\" ><div id=\"pg-127-0\"  class=\"panel-grid panel-no-style\" ><div id=\"pgc-127-0-0\"  class=\"panel-grid-cell\" ><div id=\"panel-127-0-0-0\" class=\"so-panel widget widget_sow-editor panel-first-child panel-last-child\" data-index=\"0\" ><div class=\"so-widget-sow-editor so-widget-sow-editor-base\"><h3 class=\"widget-title\">Summary - Information about the piece<\/h3>\n<div class=\"siteorigin-widget-tinymce textwidget\">\n\t<p>\"Cordelia is my friend. She likes me, she wants to help me, they all do. They are my friends, my girlfriends, my best friends. I have never had any before and I'm terrified of losing them. I want to please. Hatred would have been easier. With hatred, I would have known what to do. Hatred is clear, metallic, unwavering; unlike love.\"<br \/>\nMargaret Atwood in Cat's Eye<\/p>\n<p>\"Paper Dolls\" is a physical theater piece about best friends.<br \/>\nA solo about the quiet cruelty and subtle manipulation of girls' friendships. A reminiscence about childhood \"best friends forever\".<br \/>\nMemories without nostalgia.<br \/>\nYet, \"Paper Dolls\" is a plea for friendship!<br \/>\nUnconditionally.<br \/>\nLonging.<br \/>\nFor the best friend.<\/p>\n<p>A three-legged pyramid stands on the street - a world by itself.<br \/>\nUpon and within it lives a woman - on the top a room with table, chair, lamp etc. and on the sides a kitchen and a garden.<br \/>\nWithin and below the pyramid: abysses, memories - a cosy room, secure, secret and unknown - ropes and ropes and ropes.<br \/>\nHuman-sized paper dolls live down there - her friends and yet strangers.<\/p>\n<p><strong>Versionen<\/strong><br \/>\nSolo - Aerial Theater on ropes (45min.), in english<br \/>\nOpen Air at aerial rig<\/p>\n<p><a href=\"http:\/\/luftartistin.de\/en\/air-artist\/paper-dolls-aerial-theater\/#technik\">&gt;&gt; Technical conditions<\/a><br \/>\n&gt;&gt; Summary and technical rider - PDF Download<\/p>\n<\/div>\n<\/div><\/div><\/div><div id=\"pgc-127-0-1\"  class=\"panel-grid-cell\" ><div id=\"panel-127-0-1-0\" class=\"so-panel widget widget_sow-editor panel-first-child panel-last-child\" data-index=\"1\" ><div class=\"so-widget-sow-editor so-widget-sow-editor-base\">\n<div class=\"siteorigin-widget-tinymce textwidget\">\n\t<div id=\"attachment_2932\" style=\"width: 310px\" class=\"wp-caption aligncenter\"><a href=\"http:\/\/luftartistin.de\/wp-content\/uploads\/2017\/01\/paperdolls\u00a9bkrieg190.jpg\"><img aria-describedby=\"caption-attachment-2932\" loading=\"lazy\" class=\"wp-image-2932\" src=\"http:\/\/luftartistin.de\/wp-content\/uploads\/2017\/01\/paperdolls\u00a9bkrieg190-200x300.jpg\" alt=\"paperdolls\u00a9bkrieg190\" width=\"300\" height=\"450\" \/><\/a><p id=\"caption-attachment-2932\" class=\"wp-caption-text\">Paper Dolls, Foto: Benjamin Krieg<\/p><\/div>\n<p>&nbsp;<\/p>\n<div id=\"attachment_2931\" style=\"width: 310px\" class=\"wp-caption aligncenter\"><a href=\"http:\/\/luftartistin.de\/wp-content\/uploads\/2017\/01\/paperdolls\u00a9bkrieg177.jpg\"><img aria-describedby=\"caption-attachment-2931\" loading=\"lazy\" class=\"wp-image-2931\" src=\"http:\/\/luftartistin.de\/wp-content\/uploads\/2017\/01\/paperdolls\u00a9bkrieg177-200x300.jpg\" alt=\"paperdolls\u00a9bkrieg177\" width=\"300\" height=\"450\" \/><\/a><p id=\"caption-attachment-2931\" class=\"wp-caption-text\">Paper Dolls, Foto: Benjamin Krieg<\/p><\/div>\n<p>&nbsp;<\/p>\n<\/div>\n<\/div><\/div><\/div><\/div><div id=\"pg-127-1\"  class=\"panel-grid panel-no-style\" ><div id=\"pgc-127-1-0\"  class=\"panel-grid-cell\" ><div id=\"panel-127-1-0-0\" class=\"so-panel widget widget_sow-video panel-first-child panel-last-child\" data-index=\"2\" ><div class=\"so-widget-sow-video so-widget-sow-video-base\"><h3 class=\"widget-title\">Video Trailer - Paper Dolls - Aerial Theater<\/h3>\n<div class=\"sow-video-wrapper\">\n\t\t<iframe title=\"Jana Korb - Aerialiste presents: Paper Dolls - Aerial Theater\" width=\"750\" height=\"422\" src=\"https:\/\/www.youtube.com\/embed\/yHTyU93oPmE?feature=oembed&rel=0\" frameborder=\"0\" allow=\"accelerometer; autoplay; clipboard-write; encrypted-media; gyroscope; picture-in-picture; web-share\" referrerpolicy=\"strict-origin-when-cross-origin\" allowfullscreen><\/iframe>\t<\/div>\n<\/div><\/div><\/div><\/div><div id=\"pg-127-2\"  class=\"panel-grid panel-no-style\" ><div id=\"pgc-127-2-0\"  class=\"panel-grid-cell\" ><div id=\"panel-127-2-0-0\" class=\"so-panel widget widget_sow-editor panel-first-child panel-last-child\" data-index=\"3\" ><div class=\"so-widget-sow-editor so-widget-sow-editor-base\">\n<div class=\"siteorigin-widget-tinymce textwidget\">\n\t<div id=\"attachment_2924\" style=\"width: 310px\" class=\"wp-caption aligncenter\"><a href=\"http:\/\/luftartistin.de\/wp-content\/uploads\/2017\/01\/janakorb-paperdolls.jpg\"><img aria-describedby=\"caption-attachment-2924\" loading=\"lazy\" class=\"wp-image-2924 size-medium\" src=\"http:\/\/luftartistin.de\/wp-content\/uploads\/2017\/01\/janakorb-paperdolls-300x200.jpg\" alt=\"janakorb-paperdolls\" width=\"300\" height=\"200\" \/><\/a><p id=\"caption-attachment-2924\" class=\"wp-caption-text\">Paper Dolls, Foto: Vojtech Brtnicky<\/p><\/div>\n<p>&nbsp;<\/p>\n<div id=\"attachment_2936\" style=\"width: 310px\" class=\"wp-caption aligncenter\"><a href=\"http:\/\/luftartistin.de\/wp-content\/uploads\/2016\/06\/20120131_6750.jpg\"><img aria-describedby=\"caption-attachment-2936\" loading=\"lazy\" class=\"wp-image-2936 size-medium\" src=\"http:\/\/luftartistin.de\/wp-content\/uploads\/2016\/06\/20120131_6750-300x200.jpg\" alt=\"20120131_6750\" width=\"300\" height=\"200\" \/><\/a><p id=\"caption-attachment-2936\" class=\"wp-caption-text\">Paper Dolls, Foto: Vojtech Brtnicky<\/p><\/div>\n<p>&nbsp;<\/p>\n<div id=\"attachment_2923\" style=\"width: 310px\" class=\"wp-caption aligncenter\"><a href=\"http:\/\/luftartistin.de\/wp-content\/uploads\/2017\/01\/20120201_6796.jpg\"><img aria-describedby=\"caption-attachment-2923\" loading=\"lazy\" class=\"wp-image-2923 size-medium\" src=\"http:\/\/luftartistin.de\/wp-content\/uploads\/2017\/01\/20120201_6796-300x200.jpg\" alt=\"20120201_6796\" width=\"300\" height=\"200\" \/><\/a><p id=\"caption-attachment-2923\" class=\"wp-caption-text\">Paper Dolls, Foto: Vojtech Brtnicky<\/p><\/div>\n<p>&nbsp;<\/p>\n<div id=\"attachment_2930\" style=\"width: 310px\" class=\"wp-caption aligncenter\"><a href=\"http:\/\/luftartistin.de\/wp-content\/uploads\/2017\/01\/paperdolls\u00a9bkrieg095.jpg\"><img aria-describedby=\"caption-attachment-2930\" loading=\"lazy\" class=\"wp-image-2930\" src=\"http:\/\/luftartistin.de\/wp-content\/uploads\/2017\/01\/paperdolls\u00a9bkrieg095-200x300.jpg\" alt=\"paperdolls\u00a9bkrieg095\" width=\"300\" height=\"450\" \/><\/a><p id=\"caption-attachment-2930\" class=\"wp-caption-text\">Paper Dolls, Foto: Benjamin Krieg<\/p><\/div>\n<p>&nbsp;<\/p>\n<\/div>\n<\/div><\/div><\/div><div id=\"pgc-127-2-1\"  class=\"panel-grid-cell\" ><div id=\"panel-127-2-1-0\" class=\"so-panel widget widget_sow-editor panel-first-child panel-last-child\" data-index=\"4\" ><div class=\"so-widget-sow-editor so-widget-sow-editor-base\"><h3 class=\"widget-title\">Paper Dolls and Cat's Eyes<\/h3>\n<div class=\"siteorigin-widget-tinymce textwidget\">\n\t<p>\"This is what I miss: not something that's gone, but something that will never happen. Two old women giggling over their tea.\"<br \/>\nMargaret Atwood in Cat's Eye<\/p>\n<p>Aerial artist Jana Korb transforms Margaret Atwood\u2019s novel \"The Cat's Eye\" into a solo-performance. Not only does she defeat gravity with her aerial theater, she also lures the audience into different levels of their imagination - multidimensional physical theater on all levels.<\/p>\n<p><strong>Kirsten Burger - Director<\/strong><br \/>\nDirector Kirsten Burger has been working in the fields of fine arts, site specific, classical street theater, and moving theater, and has created many productions in public space. She loves direct contact with passers by, surprise, and random moments. She wants to open the perception of her audience, wants to confront them with societal borders.<\/p>\n<p>We place our piece between circus arts and theater, between dance and performance, street theater and musical theater - searching for interdisciplinarity. We are interested in the in-between, methodically, and with our narrative - the space between best friends.<\/p>\n<p>Our co-operation between director and performer began with biographical research: two women, their experiences, motiovations, and memories - situated in the process, creating a dramaturgy. Our conversations, the stories between us, and literature are the base for our research.<\/p>\n<p><strong>Jennie Zimmermann - Music, Voice<\/strong><br \/>\nThe voice and counterpart of our protagonist has been provided by musician, singer, and dancer Jennie Zimmermann. Together we produced a sound track \/ audio track for our piece.<br \/>\nJennie is interested in weaving sounds, noise, and text into soundscapes - integrating phisiological processes, emotions, intuition, and instincts into her music. Her voice is free to roam for artistic research.<br \/>\nWorking with loops, and manipulating her voice, she combines the colors of sound, words, structures, rythms, repetition, and fragments.<\/p>\n<p>Die Texte werden ausschlie\u00dflich Atwoods Roman entnommen und musikalisch f\u00fcr unsere Produktionen aufgearbeitet. Ebenso arbeiten wir mit Wiederholungen, Rhytmus, Tempo, um Stimmungen f\u00fcr das Spiel zu schaffen.<br \/>\nWir verwenden die englische Original Roman-Vorlage.<\/p>\n<p><strong>Literature<\/strong><br \/>\nMargaret Atwood \"Cat's Eye\" <a class=\"wpsal-anchor\" name=\"technik\" id=\"technik\"><\/a><br \/>\nSteven King \"Carrie\"<br \/>\nMichel Foucault \"About friendship\"<br \/>\nbell hooks \"communion. The female Search for Love\"<\/p>\n<\/div>\n<\/div><\/div><\/div><\/div><div id=\"pg-127-3\"  class=\"panel-grid panel-no-style\" ><div id=\"pgc-127-3-0\"  class=\"panel-grid-cell\" ><div id=\"panel-127-3-0-0\" class=\"so-panel widget widget_sow-editor panel-first-child panel-last-child\" data-index=\"5\" ><div class=\"so-widget-sow-editor so-widget-sow-editor-base\"><h3 class=\"widget-title\">Credits<\/h3>\n<div class=\"siteorigin-widget-tinymce textwidget\">\n\t<p>Aerial Theater\u00a0with and by\u00a0 Jana Korb<\/p>\n<p>Idea: Jana Korb<\/p>\n<p>Concept: Jana Korb and Kirsten Burger<br \/>\nDirector: Kirsten Burger<\/p>\n<p>Performance: Jana Korb<br \/>\nMusic: Jennie Zimmermann<\/p>\n<p>Production: Korb + Stiefel<\/p>\n<h3>Stage setup outdoor version<\/h3>\n<p>Solo\u00a0on\u00a0ropes, ca. 45min.<br \/>\nPaper Dolls\u00a0is performed\u00a0open air\u00a0and at dusk\/dark. We provide our own aerial rig, and set it up by ourselves. We also can also provide our own light.<\/p>\n<p>Aerial rig:<br \/>\nFree standing three legged pyramid<br \/>\nHeight: 10m<br \/>\nGround space: ca. 10m x 10m<br \/>\nGround space for setup: 6m x 16m<\/p>\n<p>Setup by\u00a0Jana Korb\u00a0and\u00a0team.<br \/>\nThe ground must be flat and even, free of equipment and obstacles. The aerial space must be free of obstacles, not closer than 2m.<\/p>\n<p>Setup: ca. 3h<br \/>\nTake down: ca. 2h<\/p>\n<p>Light:<br \/>\nWe provide our own light to perform at dusk or dark. Further light is possible\u00a0upon\u00a0agreement.<br \/>\nWe need two separate sources of electricity,\u00a0230V\/16A.<\/p>\n<p>Sound:<br \/>\nWe need a sound system, appropriate for the size of the audience. We bring our own player (to connect by mini jack).<\/p>\n<p>&gt;&gt;Infos and technical\u00a0rider - PDF Download<\/p>\n<\/div>\n<\/div><\/div><\/div><div id=\"pgc-127-3-1\"  class=\"panel-grid-cell\" ><div id=\"panel-127-3-1-0\" class=\"so-panel widget widget_sow-editor panel-first-child panel-last-child\" data-index=\"6\" ><div class=\"so-widget-sow-editor so-widget-sow-editor-base\">\n<div class=\"siteorigin-widget-tinymce textwidget\">\n\t<div id=\"attachment_2927\" style=\"width: 310px\" class=\"wp-caption aligncenter\"><a href=\"http:\/\/luftartistin.de\/wp-content\/uploads\/2017\/01\/paperdolls\u00a9bkrieg071.jpg\"><img aria-describedby=\"caption-attachment-2927\" loading=\"lazy\" class=\"wp-image-2927\" src=\"http:\/\/luftartistin.de\/wp-content\/uploads\/2017\/01\/paperdolls\u00a9bkrieg071-200x300.jpg\" alt=\"paperdolls\u00a9bkrieg071\" width=\"300\" height=\"450\" \/><\/a><p id=\"caption-attachment-2927\" class=\"wp-caption-text\">Paper Dolls, Foto: Benjamin Krieg<\/p><\/div>\n<p>&nbsp;<\/p>\n<div id=\"attachment_2935\" style=\"width: 310px\" class=\"wp-caption aligncenter\"><a href=\"http:\/\/luftartistin.de\/wp-content\/uploads\/2017\/01\/kl-12_08_13_7155.jpg\"><img aria-describedby=\"caption-attachment-2935\" loading=\"lazy\" class=\"wp-image-2935\" src=\"http:\/\/luftartistin.de\/wp-content\/uploads\/2017\/01\/kl-12_08_13_7155-199x300.jpg\" alt=\"kl-12_08_13_7155\" width=\"300\" height=\"453\" \/><\/a><p id=\"caption-attachment-2935\" class=\"wp-caption-text\">Paper Dolls, Foto: J\u00fcrgen Scheer<\/p><\/div>\n<p>&nbsp;<\/p>\n<\/div>\n<\/div><\/div><\/div><\/div><\/div>","protected":false},"excerpt":{"rendered":"<p>&#8220;Cordelia is my friend. She likes me, she wants to help me, they all do. They are my friends, my girlfriends, my best friends. I have never had any before and I&#8217;m terrified of losing them. I want to please. Hatred would have been easier. With hatred, I would have known what to do. Hatred [&hellip;]<\/p>\n","protected":false},"author":1,"featured_media":0,"parent":21,"menu_order":0,"comment_status":"closed","ping_status":"closed","template":"","meta":[],"yoast_head":"<!-- This site is optimized with the Yoast SEO plugin v15.6.2 - https:\/\/yoast.com\/wordpress\/plugins\/seo\/ -->\n<meta name=\"robots\" content=\"index, follow, max-snippet:-1, max-image-preview:large, max-video-preview:-1\" \/>\n<link rel=\"canonical\" href=\"https:\/\/luftartistin.de\/en\/air-artist\/paper-dolls-aerial-theater\/\" \/>\n<meta property=\"og:locale\" content=\"en_GB\" \/>\n<meta property=\"og:type\" content=\"article\" \/>\n<meta property=\"og:title\" content=\"Paper Dolls - Aerial Theater - Luftartistin.de\/en\" \/>\n<meta property=\"og:description\" content=\"&quot;Cordelia is my friend. She likes me, she wants to help me, they all do. They are my friends, my girlfriends, my best friends. I have never had any before and I&#039;m terrified of losing them. I want to please. Hatred would have been easier. With hatred, I would have known what to do. Hatred [&hellip;]\" \/>\n<meta property=\"og:url\" content=\"https:\/\/luftartistin.de\/en\/air-artist\/paper-dolls-aerial-theater\/\" \/>\n<meta property=\"og:site_name\" content=\"Luftartistin.de\/en\" \/>\n<meta property=\"article:modified_time\" content=\"2018-10-30T16:48:34+00:00\" \/>\n<meta property=\"og:image\" content=\"http:\/\/luftartistin.de\/wp-content\/uploads\/2017\/01\/paperdolls\u00a9bkrieg190-200x300.jpg\" \/>\n<meta name=\"twitter:card\" content=\"summary\" \/>\n<meta name=\"twitter:label1\" content=\"Estimated reading time\">\n\t<meta name=\"twitter:data1\" content=\"4 minutes\">\n<script type=\"application\/ld+json\" class=\"yoast-schema-graph\">{\"@context\":\"https:\/\/schema.org\",\"@graph\":[{\"@type\":\"WebSite\",\"@id\":\"https:\/\/luftartistin.de\/en\/#website\",\"url\":\"https:\/\/luftartistin.de\/en\/\",\"name\":\"Luftartistin.de\/en\",\"description\":\"air artist jana korb\",\"potentialAction\":[{\"@type\":\"SearchAction\",\"target\":\"https:\/\/luftartistin.de\/en\/?s={search_term_string}\",\"query-input\":\"required name=search_term_string\"}],\"inLanguage\":\"en-GB\"},{\"@type\":\"ImageObject\",\"@id\":\"https:\/\/luftartistin.de\/en\/air-artist\/paper-dolls-aerial-theater\/#primaryimage\",\"inLanguage\":\"en-GB\",\"url\":\"http:\/\/luftartistin.de\/wp-content\/uploads\/2017\/01\/paperdolls\\u00a9bkrieg190-200x300.jpg\"},{\"@type\":\"WebPage\",\"@id\":\"https:\/\/luftartistin.de\/en\/air-artist\/paper-dolls-aerial-theater\/#webpage\",\"url\":\"https:\/\/luftartistin.de\/en\/air-artist\/paper-dolls-aerial-theater\/\",\"name\":\"Paper Dolls - Aerial Theater - Luftartistin.de\/en\",\"isPartOf\":{\"@id\":\"https:\/\/luftartistin.de\/en\/#website\"},\"primaryImageOfPage\":{\"@id\":\"https:\/\/luftartistin.de\/en\/air-artist\/paper-dolls-aerial-theater\/#primaryimage\"},\"datePublished\":\"2018-10-13T12:52:08+00:00\",\"dateModified\":\"2018-10-30T16:48:34+00:00\",\"inLanguage\":\"en-GB\",\"potentialAction\":[{\"@type\":\"ReadAction\",\"target\":[\"https:\/\/luftartistin.de\/en\/air-artist\/paper-dolls-aerial-theater\/\"]}]}]}<\/script>\n<!-- \/ Yoast SEO plugin. -->","_links":{"self":[{"href":"https:\/\/luftartistin.de\/en\/wp-json\/wp\/v2\/pages\/127"}],"collection":[{"href":"https:\/\/luftartistin.de\/en\/wp-json\/wp\/v2\/pages"}],"about":[{"href":"https:\/\/luftartistin.de\/en\/wp-json\/wp\/v2\/types\/page"}],"author":[{"embeddable":true,"href":"https:\/\/luftartistin.de\/en\/wp-json\/wp\/v2\/users\/1"}],"replies":[{"embeddable":true,"href":"https:\/\/luftartistin.de\/en\/wp-json\/wp\/v2\/comments?post=127"}],"version-history":[{"count":20,"href":"https:\/\/luftartistin.de\/en\/wp-json\/wp\/v2\/pages\/127\/revisions"}],"predecessor-version":[{"id":175,"href":"https:\/\/luftartistin.de\/en\/wp-json\/wp\/v2\/pages\/127\/revisions\/175"}],"up":[{"embeddable":true,"href":"https:\/\/luftartistin.de\/en\/wp-json\/wp\/v2\/pages\/21"}],"wp:attachment":[{"href":"https:\/\/luftartistin.de\/en\/wp-json\/wp\/v2\/media?parent=127"}],"curies":[{"name":"wp","href":"https:\/\/api.w.org\/{rel}","templated":true}]}}