{"id":4,"date":"2016-03-14T11:57:54","date_gmt":"2016-03-14T10:57:54","guid":{"rendered":"http:\/\/luftartistin.de\/cz\/?page_id=4"},"modified":"2016-03-14T11:57:54","modified_gmt":"2016-03-14T10:57:54","slug":"zasady-ochrany-osobnich-udaju","status":"publish","type":"page","link":"https:\/\/luftartistin.de\/cz\/zasady-ochrany-osobnich-udaju\/","title":{"rendered":"Z\u00e1sady ochrany osobn\u00edch \u00fadaj\u016f"},"content":{"rendered":"<p><iframe style=\"border: 0; height: 200px; width: 600px;\" src=\"http:\/\/luftartistin.de\/piwik\/index.php?module=CoreAdminHome&#038;action=optOut&#038;language=cz\"><\/iframe><\/p>\n","protected":false},"excerpt":{"rendered":"","protected":false},"author":1,"featured_media":0,"parent":0,"menu_order":0,"comment_status":"closed","ping_status":"closed","template":"","meta":[],"yoast_head":"<!-- This site is optimized with the Yoast SEO plugin v15.6.2 - https:\/\/yoast.com\/wordpress\/plugins\/seo\/ -->\n<meta name=\"robots\" content=\"index, follow, max-snippet:-1, max-image-preview:large, max-video-preview:-1\" \/>\n<link rel=\"canonical\" href=\"https:\/\/luftartistin.de\/cz\/zasady-ochrany-osobnich-udaju\/\" \/>\n<meta property=\"og:locale\" content=\"cs_CZ\" \/>\n<meta property=\"og:type\" content=\"article\" \/>\n<meta property=\"og:title\" content=\"Z\u00e1sady ochrany osobn\u00edch \u00fadaj\u016f - Luftartistin.de\/cz\" \/>\n<meta property=\"og:url\" content=\"https:\/\/luftartistin.de\/cz\/zasady-ochrany-osobnich-udaju\/\" \/>\n<meta property=\"og:site_name\" content=\"Luftartistin.de\/cz\" \/>\n<meta name=\"twitter:card\" content=\"summary\" \/>\n<script type=\"application\/ld+json\" class=\"yoast-schema-graph\">{\"@context\":\"https:\/\/schema.org\",\"@graph\":[{\"@type\":\"WebSite\",\"@id\":\"https:\/\/luftartistin.de\/cz\/#website\",\"url\":\"https:\/\/luftartistin.de\/cz\/\",\"name\":\"Luftartistin.de\/cz\",\"description\":\"Jana Korb\",\"potentialAction\":[{\"@type\":\"SearchAction\",\"target\":\"https:\/\/luftartistin.de\/cz\/?s={search_term_string}\",\"query-input\":\"required name=search_term_string\"}],\"inLanguage\":\"cs\"},{\"@type\":\"WebPage\",\"@id\":\"https:\/\/luftartistin.de\/cz\/zasady-ochrany-osobnich-udaju\/#webpage\",\"url\":\"https:\/\/luftartistin.de\/cz\/zasady-ochrany-osobnich-udaju\/\",\"name\":\"Z\\u00e1sady ochrany osobn\\u00edch \\u00fadaj\\u016f - Luftartistin.de\/cz\",\"isPartOf\":{\"@id\":\"https:\/\/luftartistin.de\/cz\/#website\"},\"datePublished\":\"2016-03-14T10:57:54+00:00\",\"dateModified\":\"2016-03-14T10:57:54+00:00\",\"inLanguage\":\"cs\",\"potentialAction\":[{\"@type\":\"ReadAction\",\"target\":[\"https:\/\/luftartistin.de\/cz\/zasady-ochrany-osobnich-udaju\/\"]}]}]}<\/script>\n<!-- \/ Yoast SEO plugin. -->","_links":{"self":[{"href":"https:\/\/luftartistin.de\/cz\/wp-json\/wp\/v2\/pages\/4"}],"collection":[{"href":"https:\/\/luftartistin.de\/cz\/wp-json\/wp\/v2\/pages"}],"about":[{"href":"https:\/\/luftartistin.de\/cz\/wp-json\/wp\/v2\/types\/page"}],"author":[{"embeddable":true,"href":"https:\/\/luftartistin.de\/cz\/wp-json\/wp\/v2\/users\/1"}],"replies":[{"embeddable":true,"href":"https:\/\/luftartistin.de\/cz\/wp-json\/wp\/v2\/comments?post=4"}],"version-history":[{"count":1,"href":"https:\/\/luftartistin.de\/cz\/wp-json\/wp\/v2\/pages\/4\/revisions"}],"predecessor-version":[{"id":5,"href":"https:\/\/luftartistin.de\/cz\/wp-json\/wp\/v2\/pages\/4\/revisions\/5"}],"wp:attachment":[{"href":"https:\/\/luftartistin.de\/cz\/wp-json\/wp\/v2\/media?parent=4"}],"curies":[{"name":"wp","href":"https:\/\/api.w.org\/{rel}","templated":true}]}}