{"id":11,"date":"2016-03-23T19:25:52","date_gmt":"2016-03-23T18:25:52","guid":{"rendered":"http:\/\/luftartistin.de\/cz\/?page_id=11"},"modified":"2016-11-22T19:38:01","modified_gmt":"2016-11-22T18:38:01","slug":"vzduch-umelec","status":"publish","type":"page","link":"https:\/\/luftartistin.de\/cz\/","title":{"rendered":"vzduch um\u011blec"},"content":{"rendered":"<div id=\"pl-11\"  class=\"panel-layout\" ><div id=\"pg-11-0\"  class=\"panel-grid panel-no-style\" ><div id=\"pgc-11-0-0\"  class=\"panel-grid-cell\" ><div id=\"panel-11-0-0-0\" class=\"so-panel widget widget_sow-editor panel-first-child panel-last-child\" data-index=\"0\" ><div class=\"so-widget-sow-editor so-widget-sow-editor-base\"><h3 class=\"widget-title\">S\u00f3la ve vzduchu<\/h3>\n<div class=\"siteorigin-widget-tinymce textwidget\">\n\t<div class=\"team\">\n<div class=\"team\">\n<p class=\"claim\">Nejprve se zd\u00e1, \u017ee je visut\u00e1 hrazda omezen\u00fd prostor obklopen\u00fd p\u011bti kubick\u00fdmi metry vzduchu.<br \/> Pr\u00e1v\u011b v tom vid\u00ed Jana Korb netu\u0161en\u00e9 mo\u017enosti vyj\u00e1d\u0159en\u00ed, pohybu, hry.<\/p>\n<p class=\"claim\">D\u00edky sv\u00e9 zku\u0161enosti s gravitac\u00ed a zkoum\u00e1n\u00edm t\u0159en\u00ed, p\u0159ilnavosti a \u0161vihu zkou\u0161\u00ed v\u017edy nov\u00fdm zp\u016fsobem transformovat prostor \u201evisut\u00e9 hrazdy\u201c.<\/p>\n<\/div>\n<\/div>\n<\/div>\n<\/div><\/div><\/div><\/div><\/div>","protected":false},"excerpt":{"rendered":"<p>Nejprve se zd\u00e1, \u017ee je visut\u00e1 hrazda omezen\u00fd prostor obklopen\u00fd p\u011bti kubick\u00fdmi metry vzduchu. Pr\u00e1v\u011b v tom vid\u00ed Jana Korb netu\u0161en\u00e9 mo\u017enosti vyj\u00e1d\u0159en\u00ed, pohybu, hry.D\u00edky sv\u00e9 zku\u0161enosti s gravitac\u00ed a zkoum\u00e1n\u00edm t\u0159en\u00ed, p\u0159ilnavosti a \u0161vihu zkou\u0161\u00ed v\u017edy nov\u00fdm zp\u016fsobem transformovat prostor \u201evisut\u00e9 hrazdy\u201c.<\/p>\n","protected":false},"author":1,"featured_media":0,"parent":0,"menu_order":0,"comment_status":"closed","ping_status":"closed","template":"","meta":[],"yoast_head":"<!-- This site is optimized with the Yoast SEO plugin v15.6.2 - https:\/\/yoast.com\/wordpress\/plugins\/seo\/ -->\n<meta name=\"robots\" content=\"index, follow, max-snippet:-1, max-image-preview:large, max-video-preview:-1\" \/>\n<link rel=\"canonical\" href=\"https:\/\/luftartistin.de\/cz\/\" \/>\n<meta property=\"og:locale\" content=\"cs_CZ\" \/>\n<meta property=\"og:type\" content=\"article\" \/>\n<meta property=\"og:title\" content=\"vzduch um\u011blec - Luftartistin.de\/cz\" \/>\n<meta property=\"og:description\" content=\"Nejprve se zd\u00e1, \u017ee je visut\u00e1 hrazda omezen\u00fd prostor obklopen\u00fd p\u011bti kubick\u00fdmi metry vzduchu. Pr\u00e1v\u011b v tom vid\u00ed Jana Korb netu\u0161en\u00e9 mo\u017enosti vyj\u00e1d\u0159en\u00ed, pohybu, hry.D\u00edky sv\u00e9 zku\u0161enosti s gravitac\u00ed a zkoum\u00e1n\u00edm t\u0159en\u00ed, p\u0159ilnavosti a \u0161vihu zkou\u0161\u00ed v\u017edy nov\u00fdm zp\u016fsobem transformovat prostor \u201evisut\u00e9 hrazdy\u201c.\" \/>\n<meta property=\"og:url\" content=\"https:\/\/luftartistin.de\/cz\/\" \/>\n<meta property=\"og:site_name\" content=\"Luftartistin.de\/cz\" \/>\n<meta property=\"article:modified_time\" content=\"2016-11-22T18:38:01+00:00\" \/>\n<meta name=\"twitter:card\" content=\"summary\" \/>\n<script type=\"application\/ld+json\" class=\"yoast-schema-graph\">{\"@context\":\"https:\/\/schema.org\",\"@graph\":[{\"@type\":\"WebSite\",\"@id\":\"https:\/\/luftartistin.de\/cz\/#website\",\"url\":\"https:\/\/luftartistin.de\/cz\/\",\"name\":\"Luftartistin.de\/cz\",\"description\":\"Jana Korb\",\"potentialAction\":[{\"@type\":\"SearchAction\",\"target\":\"https:\/\/luftartistin.de\/cz\/?s={search_term_string}\",\"query-input\":\"required name=search_term_string\"}],\"inLanguage\":\"cs\"},{\"@type\":\"WebPage\",\"@id\":\"https:\/\/luftartistin.de\/cz\/#webpage\",\"url\":\"https:\/\/luftartistin.de\/cz\/\",\"name\":\"vzduch um\\u011blec - Luftartistin.de\/cz\",\"isPartOf\":{\"@id\":\"https:\/\/luftartistin.de\/cz\/#website\"},\"datePublished\":\"2016-03-23T18:25:52+00:00\",\"dateModified\":\"2016-11-22T18:38:01+00:00\",\"inLanguage\":\"cs\",\"potentialAction\":[{\"@type\":\"ReadAction\",\"target\":[\"https:\/\/luftartistin.de\/cz\/\"]}]}]}<\/script>\n<!-- \/ Yoast SEO plugin. -->","_links":{"self":[{"href":"https:\/\/luftartistin.de\/cz\/wp-json\/wp\/v2\/pages\/11"}],"collection":[{"href":"https:\/\/luftartistin.de\/cz\/wp-json\/wp\/v2\/pages"}],"about":[{"href":"https:\/\/luftartistin.de\/cz\/wp-json\/wp\/v2\/types\/page"}],"author":[{"embeddable":true,"href":"https:\/\/luftartistin.de\/cz\/wp-json\/wp\/v2\/users\/1"}],"replies":[{"embeddable":true,"href":"https:\/\/luftartistin.de\/cz\/wp-json\/wp\/v2\/comments?post=11"}],"version-history":[{"count":5,"href":"https:\/\/luftartistin.de\/cz\/wp-json\/wp\/v2\/pages\/11\/revisions"}],"predecessor-version":[{"id":31,"href":"https:\/\/luftartistin.de\/cz\/wp-json\/wp\/v2\/pages\/11\/revisions\/31"}],"wp:attachment":[{"href":"https:\/\/luftartistin.de\/cz\/wp-json\/wp\/v2\/media?parent=11"}],"curies":[{"name":"wp","href":"https:\/\/api.w.org\/{rel}","templated":true}]}}